{"id":33,"date":"2020-01-17T15:28:09","date_gmt":"2020-01-17T15:28:09","guid":{"rendered":"https:\/\/demosites.io\/web-agency\/?page_id=32"},"modified":"2021-06-07T19:32:34","modified_gmt":"2021-06-07T19:32:34","slug":"clients","status":"publish","type":"page","link":"https:\/\/leonsergent.com\/fr\/clients\/","title":{"rendered":"Clients"},"content":{"rendered":"\t\t<div data-elementor-type=\"wp-page\" data-elementor-id=\"33\" class=\"elementor elementor-33\">\n\t\t\t\t\t\t<section class=\"elementor-section elementor-top-section elementor-element elementor-element-95dfe33 elementor-section-boxed elementor-section-height-default elementor-section-height-default\" data-id=\"95dfe33\" data-element_type=\"section\" data-e-type=\"section\">\n\t\t\t\t\t\t<div class=\"elementor-container elementor-column-gap-default\">\n\t\t\t\t\t<div class=\"elementor-column elementor-col-100 elementor-top-column elementor-element elementor-element-a926e3d\" data-id=\"a926e3d\" data-element_type=\"column\" data-e-type=\"column\">\n\t\t\t<div class=\"elementor-widget-wrap elementor-element-populated\">\n\t\t\t\t\t\t<div class=\"elementor-element elementor-element-b052411 elementor-widget elementor-widget-heading\" data-id=\"b052411\" data-element_type=\"widget\" data-e-type=\"widget\" data-widget_type=\"heading.default\">\n\t\t\t\t<div class=\"elementor-widget-container\">\n\t\t\t\t\t<h2 class=\"elementor-heading-title elementor-size-default\">Clients appr\u00e9ci\u00e9s,  partenaires et auditoires<\/h2>\t\t\t\t<\/div>\n\t\t\t\t<\/div>\n\t\t\t\t<div class=\"elementor-element elementor-element-cebed55 elementor-widget elementor-widget-text-editor\" data-id=\"cebed55\" data-element_type=\"widget\" data-e-type=\"widget\" data-widget_type=\"text-editor.default\">\n\t\t\t\t<div class=\"elementor-widget-container\">\n\t\t\t\t\t\t\t\t\t<p>Une liste partielle des organisations que nous avons eu le plaisir d&rsquo;aider.<\/p>\t\t\t\t\t\t\t\t<\/div>\n\t\t\t\t<\/div>\n\t\t\t\t<div class=\"elementor-element elementor-element-2858ec1 elementor-widget elementor-widget-spacer\" data-id=\"2858ec1\" data-element_type=\"widget\" data-e-type=\"widget\" data-widget_type=\"spacer.default\">\n\t\t\t\t<div class=\"elementor-widget-container\">\n\t\t\t\t\t\t\t<div class=\"elementor-spacer\">\n\t\t\t<div class=\"elementor-spacer-inner\"><\/div>\n\t\t<\/div>\n\t\t\t\t\t\t<\/div>\n\t\t\t\t<\/div>\n\t\t\t\t\t<\/div>\n\t\t<\/div>\n\t\t\t\t\t<\/div>\n\t\t<\/section>\n\t\t\t\t<section class=\"elementor-section elementor-top-section elementor-element elementor-element-a243e3d elementor-section-boxed elementor-section-height-default elementor-section-height-default\" data-id=\"a243e3d\" data-element_type=\"section\" data-e-type=\"section\" data-settings=\"{&quot;background_background&quot;:&quot;classic&quot;}\">\n\t\t\t\t\t\t<div class=\"elementor-container elementor-column-gap-default\">\n\t\t\t\t\t<div class=\"elementor-column elementor-col-100 elementor-top-column elementor-element elementor-element-3b4d4e7\" data-id=\"3b4d4e7\" data-element_type=\"column\" data-e-type=\"column\" data-settings=\"{&quot;background_background&quot;:&quot;classic&quot;}\">\n\t\t\t<div class=\"elementor-widget-wrap elementor-element-populated\">\n\t\t\t\t\t\t<div class=\"elementor-element elementor-element-9112a7b elementor-widget elementor-widget-text-editor\" data-id=\"9112a7b\" data-element_type=\"widget\" data-e-type=\"widget\" data-widget_type=\"text-editor.default\">\n\t\t\t\t<div class=\"elementor-widget-container\">\n\t\t\t\t\t\t\t\t\t<p><span style=\"color: #000000;\">Alexis-Nihon Corporation<\/span><br><span style=\"color: #000000;\">Astral M\u00e9dia<\/span><br><span style=\"color: #000000;\">Astra Zeneca<\/span><br><span style=\"color: #000000;\">Aventis<\/span><br><span style=\"color: #000000;\">BAM Strategy<\/span><br><span style=\"color: #000000;\">Banque nationale du Canada<\/span><br><span style=\"color: #000000;\">BCA Canada<\/span><br><span style=\"color: #000000;\">Bell Canada<\/span><br><span style=\"color: #000000;\">Blakes, S.E.N.C.R.L<\/span><br><span style=\"color: #000000;\">Bombardier a\u00e9ronautique<\/span><br><span style=\"color: #000000;\">Borden Ladner Gervais S.E.N.C.R.L<\/span><br><span style=\"color: #000000;\">Bristol Myers Squibb<\/span><br><span style=\"color: #000000;\">CIBC World MarketsClarica<\/span><br><span style=\"color: #000000;\">City of Montreal<\/span><br><span style=\"color: #000000;\">Danone Canada<\/span><br><span style=\"color: #000000;\">Environnement Canada<\/span><br><span style=\"color: #000000;\">Ericsson<\/span><br><span style=\"color: #000000;\">Fieldturf Tarkett<\/span><br><span style=\"color: #000000;\">Goudreau Gage Dubuc<\/span><br><span style=\"color: #000000;\">Groupe Cascades<\/span><br><span style=\"color: #000000;\">Imperial Tobacco<\/span><br><span style=\"color: #000000;\">Investissement Qu\u00e9bec<\/span><br><span style=\"color: #000000;\">Janssen Ortho<\/span><br><span style=\"color: #000000;\">Johnson &amp; Johnson<\/span><br><span style=\"color: #000000;\">JTI-Macdonald Corp.<\/span><br><span style=\"color: #000000;\">Jardin botanique de Montr\u00e9al<\/span><br><span style=\"color: #000000;\">Lafarge Canada<\/span><br><span style=\"color: #000000;\">Learjet<\/span><br><span style=\"color: #000000;\">Lundbeck Canada<\/span><br><span style=\"color: #000000;\">MNP S.E.N.C.R.L.\/s.r.l.<\/span><br><span style=\"color: #000000;\">Mazda Canada<\/span><br><span style=\"color: #000000;\">McCarthy T\u00e9trault S.E.N.C.R.L.\/s.r.l.<\/span><br><span style=\"color: #000000;\">Merck Frost<\/span><br><span style=\"color: #000000;\">Minist\u00e8re de la D\u00e9fense nationale<\/span><br><span style=\"color: #000000;\">Novartis Pharma<\/span><br><span style=\"color: #000000;\">Public Works GS Canada<\/span><br><span style=\"color: #000000;\">Pendopharm<\/span><br><span style=\"color: #000000;\">Pharmascience<\/span><br><span style=\"color: #000000;\">PriceWaterhouse<\/span><br><span style=\"color: #000000;\">Raymond Chabot Grant Thornton<\/span><br><span style=\"color: #000000;\">Morneau Sobeco<\/span><br><span style=\"color: #000000;\">RSM Richter<\/span><br><span style=\"color: #000000;\">Schering Plough<\/span><br><span style=\"color: #000000;\">Soci\u00e9t\u00e9 des alcools du Qu\u00e9bec<\/span><br><span style=\"color: #000000;\">Sonelgaz (Alg\u00e9rie)<\/span><br><span style=\"color: #000000;\">Station Mont-Tremblant S.E.C<\/span><br><span style=\"color: #000000;\">Transat<\/span><br><span style=\"color: #000000;\">World Anti-Doping Agency (WADA)<\/span><\/p>\t\t\t\t\t\t\t\t<\/div>\n\t\t\t\t<\/div>\n\t\t\t\t<div class=\"elementor-element elementor-element-9e0a4ae elementor-widget elementor-widget-spacer\" data-id=\"9e0a4ae\" data-element_type=\"widget\" data-e-type=\"widget\" data-widget_type=\"spacer.default\">\n\t\t\t\t<div class=\"elementor-widget-container\">\n\t\t\t\t\t\t\t<div class=\"elementor-spacer\">\n\t\t\t<div class=\"elementor-spacer-inner\"><\/div>\n\t\t<\/div>\n\t\t\t\t\t\t<\/div>\n\t\t\t\t<\/div>\n\t\t\t\t\t<\/div>\n\t\t<\/div>\n\t\t\t\t\t<\/div>\n\t\t<\/section>\n\t\t\t\t<section class=\"elementor-section elementor-top-section elementor-element elementor-element-ad7a469 elementor-section-boxed elementor-section-height-default elementor-section-height-default\" data-id=\"ad7a469\" data-element_type=\"section\" data-e-type=\"section\" data-settings=\"{&quot;background_background&quot;:&quot;classic&quot;}\">\n\t\t\t\t\t\t<div class=\"elementor-container elementor-column-gap-default\">\n\t\t\t\t\t<div class=\"elementor-column elementor-col-100 elementor-top-column elementor-element elementor-element-3d2b33f\" data-id=\"3d2b33f\" data-element_type=\"column\" data-e-type=\"column\" data-settings=\"{&quot;background_background&quot;:&quot;classic&quot;}\">\n\t\t\t<div class=\"elementor-widget-wrap elementor-element-populated\">\n\t\t\t\t\t\t<div class=\"elementor-element elementor-element-7c2aedd elementor-widget elementor-widget-heading\" data-id=\"7c2aedd\" data-element_type=\"widget\" data-e-type=\"widget\" data-widget_type=\"heading.default\">\n\t\t\t\t<div class=\"elementor-widget-container\">\n\t\t\t\t\t<h3 class=\"elementor-heading-title elementor-size-default\">Comment pouvons-nous vous aider?<\/h3>\t\t\t\t<\/div>\n\t\t\t\t<\/div>\n\t\t\t\t<div class=\"elementor-element elementor-element-9b29c9b elementor-align-center elementor-widget elementor-widget-button\" data-id=\"9b29c9b\" data-element_type=\"widget\" data-e-type=\"widget\" data-widget_type=\"button.default\">\n\t\t\t\t<div class=\"elementor-widget-container\">\n\t\t\t\t\t\t\t\t\t<div class=\"elementor-button-wrapper\">\n\t\t\t\t\t<a class=\"elementor-button elementor-button-link elementor-size-lg\" href=\"http:\/\/leonsergent.com\/contact\">\n\t\t\t\t\t\t<span class=\"elementor-button-content-wrapper\">\n\t\t\t\t\t\t\t\t\t<span class=\"elementor-button-text\">PARLONS-NOUS<\/span>\n\t\t\t\t\t<\/span>\n\t\t\t\t\t<\/a>\n\t\t\t\t<\/div>\n\t\t\t\t\t\t\t\t<\/div>\n\t\t\t\t<\/div>\n\t\t\t\t\t<\/div>\n\t\t<\/div>\n\t\t\t\t\t<\/div>\n\t\t<\/section>\n\t\t\t\t<\/div>\n\t\t","protected":false},"excerpt":{"rendered":"<p>Clients appr\u00e9ci\u00e9s, partenaires et auditoires Une liste partielle des organisations que nous avons eu le plaisir d&rsquo;aider. Alexis-Nihon CorporationAstral M\u00e9diaAstra ZenecaAventisBAM StrategyBanque nationale du CanadaBCA CanadaBell CanadaBlakes, S.E.N.C.R.LBombardier a\u00e9ronautiqueBorden Ladner Gervais S.E.N.C.R.LBristol Myers SquibbCIBC World MarketsClaricaCity of MontrealDanone CanadaEnvironnement CanadaEricssonFieldturf TarkettGoudreau Gage DubucGroupe CascadesImperial TobaccoInvestissement Qu\u00e9becJanssen OrthoJohnson &amp; JohnsonJTI-Macdonald Corp.Jardin botanique de Montr\u00e9alLafarge CanadaLearjetLundbeck CanadaMNP&hellip;&nbsp;<a href=\"https:\/\/leonsergent.com\/fr\/clients\/\" rel=\"bookmark\">Lire la suite &raquo;<span class=\"screen-reader-text\">Clients<\/span><\/a><\/p>\n","protected":false},"author":1,"featured_media":0,"parent":0,"menu_order":0,"comment_status":"closed","ping_status":"closed","template":"elementor_header_footer","meta":{"neve_meta_sidebar":"full-width","neve_meta_container":"","neve_meta_enable_content_width":"on","neve_meta_content_width":100,"neve_meta_title_alignment":"","neve_meta_author_avatar":"","neve_post_elements_order":"","neve_meta_disable_header":"","neve_meta_disable_footer":"","neve_meta_disable_title":"","jetpack_post_was_ever_published":false,"footnotes":""},"class_list":["post-33","page","type-page","status-publish","hentry"],"yoast_head":"<!-- This site is optimized with the Yoast SEO plugin v27.3 - https:\/\/yoast.com\/product\/yoast-seo-wordpress\/ -->\n<title>Clients - LEON SERGENT<\/title>\n<meta name=\"robots\" content=\"index, follow, max-snippet:-1, max-image-preview:large, max-video-preview:-1\" \/>\n<link rel=\"canonical\" href=\"https:\/\/leonsergent.com\/fr\/clients\/\" \/>\n<meta property=\"og:locale\" content=\"fr_CA\" \/>\n<meta property=\"og:type\" content=\"article\" \/>\n<meta property=\"og:title\" content=\"Clients - LEON SERGENT\" \/>\n<meta property=\"og:description\" content=\"Clients appr\u00e9ci\u00e9s, partenaires et auditoires Une liste partielle des organisations que nous avons eu le plaisir d&rsquo;aider. Alexis-Nihon CorporationAstral M\u00e9diaAstra ZenecaAventisBAM StrategyBanque nationale du CanadaBCA CanadaBell CanadaBlakes, S.E.N.C.R.LBombardier a\u00e9ronautiqueBorden Ladner Gervais S.E.N.C.R.LBristol Myers SquibbCIBC World MarketsClaricaCity of MontrealDanone CanadaEnvironnement CanadaEricssonFieldturf TarkettGoudreau Gage DubucGroupe CascadesImperial TobaccoInvestissement Qu\u00e9becJanssen OrthoJohnson &amp; JohnsonJTI-Macdonald Corp.Jardin botanique de Montr\u00e9alLafarge CanadaLearjetLundbeck CanadaMNP&hellip;&nbsp;Lire la suite &raquo;Clients\" \/>\n<meta property=\"og:url\" content=\"https:\/\/leonsergent.com\/fr\/clients\/\" \/>\n<meta property=\"og:site_name\" content=\"LEON SERGENT\" \/>\n<meta property=\"article:modified_time\" content=\"2021-06-07T19:32:34+00:00\" \/>\n<meta name=\"twitter:card\" content=\"summary_large_image\" \/>\n<meta name=\"twitter:label1\" content=\"Estimation du temps de lecture\" \/>\n\t<meta name=\"twitter:data1\" content=\"1 minute\" \/>\n<script type=\"application\/ld+json\" class=\"yoast-schema-graph\">{\"@context\":\"https:\\\/\\\/schema.org\",\"@graph\":[{\"@type\":\"WebPage\",\"@id\":\"https:\\\/\\\/leonsergent.com\\\/fr\\\/clients\\\/\",\"url\":\"https:\\\/\\\/leonsergent.com\\\/fr\\\/clients\\\/\",\"name\":\"Clients - LEON SERGENT\",\"isPartOf\":{\"@id\":\"https:\\\/\\\/leonsergent.com\\\/fr\\\/#website\"},\"datePublished\":\"2020-01-17T15:28:09+00:00\",\"dateModified\":\"2021-06-07T19:32:34+00:00\",\"breadcrumb\":{\"@id\":\"https:\\\/\\\/leonsergent.com\\\/fr\\\/clients\\\/#breadcrumb\"},\"inLanguage\":\"fr-CA\",\"potentialAction\":[{\"@type\":\"ReadAction\",\"target\":[\"https:\\\/\\\/leonsergent.com\\\/fr\\\/clients\\\/\"]}]},{\"@type\":\"BreadcrumbList\",\"@id\":\"https:\\\/\\\/leonsergent.com\\\/fr\\\/clients\\\/#breadcrumb\",\"itemListElement\":[{\"@type\":\"ListItem\",\"position\":1,\"name\":\"Accueil\",\"item\":\"https:\\\/\\\/leonsergent.com\\\/fr\\\/\"},{\"@type\":\"ListItem\",\"position\":2,\"name\":\"Clients\"}]},{\"@type\":\"WebSite\",\"@id\":\"https:\\\/\\\/leonsergent.com\\\/fr\\\/#website\",\"url\":\"https:\\\/\\\/leonsergent.com\\\/fr\\\/\",\"name\":\"LEON SERGENT\",\"description\":\"COMMUNICATION EN PUBLIC\\\/PUBLIC SPEAKING\",\"publisher\":{\"@id\":\"https:\\\/\\\/leonsergent.com\\\/fr\\\/#\\\/schema\\\/person\\\/2c2a3b38ed1f49e9a0b6f54167f7a87b\"},\"potentialAction\":[{\"@type\":\"SearchAction\",\"target\":{\"@type\":\"EntryPoint\",\"urlTemplate\":\"https:\\\/\\\/leonsergent.com\\\/fr\\\/?s={search_term_string}\"},\"query-input\":{\"@type\":\"PropertyValueSpecification\",\"valueRequired\":true,\"valueName\":\"search_term_string\"}}],\"inLanguage\":\"fr-CA\"},{\"@type\":[\"Person\",\"Organization\"],\"@id\":\"https:\\\/\\\/leonsergent.com\\\/fr\\\/#\\\/schema\\\/person\\\/2c2a3b38ed1f49e9a0b6f54167f7a87b\",\"name\":\"Leon Sergent\",\"image\":{\"@type\":\"ImageObject\",\"inLanguage\":\"fr-CA\",\"@id\":\"https:\\\/\\\/leonsergent.com\\\/wp-content\\\/uploads\\\/2020\\\/06\\\/79-Le\u0301on_Sergent_450.jpg\",\"url\":\"https:\\\/\\\/leonsergent.com\\\/wp-content\\\/uploads\\\/2020\\\/06\\\/79-Le\u0301on_Sergent_450.jpg\",\"contentUrl\":\"https:\\\/\\\/leonsergent.com\\\/wp-content\\\/uploads\\\/2020\\\/06\\\/79-Le\u0301on_Sergent_450.jpg\",\"width\":450,\"height\":450,\"caption\":\"Leon Sergent\"},\"logo\":{\"@id\":\"https:\\\/\\\/leonsergent.com\\\/wp-content\\\/uploads\\\/2020\\\/06\\\/79-Le\u0301on_Sergent_450.jpg\"},\"sameAs\":[\"http:\\\/\\\/leonsergent.com\"]}]}<\/script>\n<!-- \/ Yoast SEO plugin. -->","yoast_head_json":{"title":"Clients - LEON SERGENT","robots":{"index":"index","follow":"follow","max-snippet":"max-snippet:-1","max-image-preview":"max-image-preview:large","max-video-preview":"max-video-preview:-1"},"canonical":"https:\/\/leonsergent.com\/fr\/clients\/","og_locale":"fr_CA","og_type":"article","og_title":"Clients - LEON SERGENT","og_description":"Clients appr\u00e9ci\u00e9s, partenaires et auditoires Une liste partielle des organisations que nous avons eu le plaisir d&rsquo;aider. Alexis-Nihon CorporationAstral M\u00e9diaAstra ZenecaAventisBAM StrategyBanque nationale du CanadaBCA CanadaBell CanadaBlakes, S.E.N.C.R.LBombardier a\u00e9ronautiqueBorden Ladner Gervais S.E.N.C.R.LBristol Myers SquibbCIBC World MarketsClaricaCity of MontrealDanone CanadaEnvironnement CanadaEricssonFieldturf TarkettGoudreau Gage DubucGroupe CascadesImperial TobaccoInvestissement Qu\u00e9becJanssen OrthoJohnson &amp; JohnsonJTI-Macdonald Corp.Jardin botanique de Montr\u00e9alLafarge CanadaLearjetLundbeck CanadaMNP&hellip;&nbsp;Lire la suite &raquo;Clients","og_url":"https:\/\/leonsergent.com\/fr\/clients\/","og_site_name":"LEON SERGENT","article_modified_time":"2021-06-07T19:32:34+00:00","twitter_card":"summary_large_image","twitter_misc":{"Estimation du temps de lecture":"1 minute"},"schema":{"@context":"https:\/\/schema.org","@graph":[{"@type":"WebPage","@id":"https:\/\/leonsergent.com\/fr\/clients\/","url":"https:\/\/leonsergent.com\/fr\/clients\/","name":"Clients - LEON SERGENT","isPartOf":{"@id":"https:\/\/leonsergent.com\/fr\/#website"},"datePublished":"2020-01-17T15:28:09+00:00","dateModified":"2021-06-07T19:32:34+00:00","breadcrumb":{"@id":"https:\/\/leonsergent.com\/fr\/clients\/#breadcrumb"},"inLanguage":"fr-CA","potentialAction":[{"@type":"ReadAction","target":["https:\/\/leonsergent.com\/fr\/clients\/"]}]},{"@type":"BreadcrumbList","@id":"https:\/\/leonsergent.com\/fr\/clients\/#breadcrumb","itemListElement":[{"@type":"ListItem","position":1,"name":"Accueil","item":"https:\/\/leonsergent.com\/fr\/"},{"@type":"ListItem","position":2,"name":"Clients"}]},{"@type":"WebSite","@id":"https:\/\/leonsergent.com\/fr\/#website","url":"https:\/\/leonsergent.com\/fr\/","name":"LEON SERGENT","description":"COMMUNICATION EN PUBLIC\/PUBLIC SPEAKING","publisher":{"@id":"https:\/\/leonsergent.com\/fr\/#\/schema\/person\/2c2a3b38ed1f49e9a0b6f54167f7a87b"},"potentialAction":[{"@type":"SearchAction","target":{"@type":"EntryPoint","urlTemplate":"https:\/\/leonsergent.com\/fr\/?s={search_term_string}"},"query-input":{"@type":"PropertyValueSpecification","valueRequired":true,"valueName":"search_term_string"}}],"inLanguage":"fr-CA"},{"@type":["Person","Organization"],"@id":"https:\/\/leonsergent.com\/fr\/#\/schema\/person\/2c2a3b38ed1f49e9a0b6f54167f7a87b","name":"Leon Sergent","image":{"@type":"ImageObject","inLanguage":"fr-CA","@id":"https:\/\/leonsergent.com\/wp-content\/uploads\/2020\/06\/79-Le\u0301on_Sergent_450.jpg","url":"https:\/\/leonsergent.com\/wp-content\/uploads\/2020\/06\/79-Le\u0301on_Sergent_450.jpg","contentUrl":"https:\/\/leonsergent.com\/wp-content\/uploads\/2020\/06\/79-Le\u0301on_Sergent_450.jpg","width":450,"height":450,"caption":"Leon Sergent"},"logo":{"@id":"https:\/\/leonsergent.com\/wp-content\/uploads\/2020\/06\/79-Le\u0301on_Sergent_450.jpg"},"sameAs":["http:\/\/leonsergent.com"]}]}},"jetpack_sharing_enabled":true,"_links":{"self":[{"href":"https:\/\/leonsergent.com\/fr\/wp-json\/wp\/v2\/pages\/33","targetHints":{"allow":["GET"]}}],"collection":[{"href":"https:\/\/leonsergent.com\/fr\/wp-json\/wp\/v2\/pages"}],"about":[{"href":"https:\/\/leonsergent.com\/fr\/wp-json\/wp\/v2\/types\/page"}],"author":[{"embeddable":true,"href":"https:\/\/leonsergent.com\/fr\/wp-json\/wp\/v2\/users\/1"}],"replies":[{"embeddable":true,"href":"https:\/\/leonsergent.com\/fr\/wp-json\/wp\/v2\/comments?post=33"}],"version-history":[{"count":0,"href":"https:\/\/leonsergent.com\/fr\/wp-json\/wp\/v2\/pages\/33\/revisions"}],"wp:attachment":[{"href":"https:\/\/leonsergent.com\/fr\/wp-json\/wp\/v2\/media?parent=33"}],"curies":[{"name":"wp","href":"https:\/\/api.w.org\/{rel}","templated":true}]}}